{"id":32319,"date":"2024-04-12T15:39:20","date_gmt":"2024-04-12T13:39:20","guid":{"rendered":"https:\/\/www.italiaolistica.it\/servizi-pro\/?post_type=product&#038;p=32319"},"modified":"2024-11-05T14:34:28","modified_gmt":"2024-11-05T13:34:28","slug":"certificazione-per-operatori-olistici","status":"publish","type":"product","link":"https:\/\/www.italiaolistica.it\/servizi-pro\/prodotto\/certificazione-per-operatori-olistici\/","title":{"rendered":"Certificazione per operatori olistici"},"content":{"rendered":"<h2><img decoding=\"async\" class=\"alignnone size-medium wp-image-32320\" src=\"https:\/\/www.italiaolistica.it\/servizi-pro\/wp-content\/uploads\/2024\/04\/logo-certificazione-300x158.png\" alt=\"Certificazione Italia Olistica\" width=\"300\" height=\"158\" srcset=\"https:\/\/www.italiaolistica.it\/servizi-pro\/wp-content\/uploads\/2024\/04\/logo-certificazione-300x158.png 300w, https:\/\/www.italiaolistica.it\/servizi-pro\/wp-content\/uploads\/2024\/04\/logo-certificazione-600x315.png 600w, https:\/\/www.italiaolistica.it\/servizi-pro\/wp-content\/uploads\/2024\/04\/logo-certificazione-768x404.png 768w, https:\/\/www.italiaolistica.it\/servizi-pro\/wp-content\/uploads\/2024\/04\/logo-certificazione.png 900w\" sizes=\"(max-width: 300px) 100vw, 300px\" \/><\/h2>\n<p class=\"p1\"><b>Professionalit\u00e0 garantita<\/b><\/p>\n<p class=\"p1\">La certificazione conferma la competenza e professionalit\u00e0 degli operatori olistici, dimostrando il rispetto di standard di qualit\u00e0 e aumentando la fiducia degli utenti. Per gli utenti, \u00e8 una garanzia di trattamenti sicuri ed efficaci.<\/p>\n<p class=\"p1\"><b>Piccoli costi e grandi vantaggi<\/b><\/p>\n<p class=\"p1\">La certificazione \u00e8 accessibile e offre un ritorno significativo in termini di credibilit\u00e0 e visibilit\u00e0. Gli operatori olistici possono distinguersi, attirare pi\u00f9 clienti e costruire una reputazione solida, mentre gli utenti possono essere sicuri di affidarsi a professionisti qualificati.<\/p>\n<p>_____________________________<\/p>\n<div class=\"wp-block-group\">\n<div class=\"wp-block-group__inner-container is-layout-constrained wp-block-group-is-layout-constrained\">\n<figure id=\"attachment_27369\" aria-describedby=\"caption-attachment-27369\" style=\"width: 300px\" class=\"wp-caption alignnone\"><img decoding=\"async\" class=\"size-medium wp-image-27369\" src=\"https:\/\/www.italiaolistica.it\/servizi-pro\/wp-content\/uploads\/edd\/2021\/11\/guest-posting-300x158.jpeg\" alt=\"Guest posting - Pubbliredazionale\" width=\"300\" height=\"158\" srcset=\"https:\/\/www.italiaolistica.it\/servizi-pro\/wp-content\/uploads\/edd\/2021\/11\/guest-posting-300x158.jpeg 300w, https:\/\/www.italiaolistica.it\/servizi-pro\/wp-content\/uploads\/edd\/2021\/11\/guest-posting-600x315.jpeg 600w, https:\/\/www.italiaolistica.it\/servizi-pro\/wp-content\/uploads\/edd\/2021\/11\/guest-posting-768x404.jpeg 768w, https:\/\/www.italiaolistica.it\/servizi-pro\/wp-content\/uploads\/edd\/2021\/11\/guest-posting.jpeg 900w\" sizes=\"(max-width: 300px) 100vw, 300px\" \/><figcaption id=\"caption-attachment-27369\" class=\"wp-caption-text\">Photo by Glenn Carstens-Peters on Unsplash<\/figcaption><\/figure>\n<p class=\"p1\"><b>I vantaggi di un articolo pubbliredazionale: visibilit\u00e0 e autorevolezza nel mondo olistico<\/b><\/p>\n<p class=\"p1\">Pubblicare un pubbliredazionale su Italia Olistica offre visibilit\u00e0 mirata a un pubblico interessato a benessere, crescita personale e discipline olistiche. Grazie alla nostra community consolidata e alla qualit\u00e0 dei nostri contenuti, potrai migliorare il posizionamento del tuo brand, raggiungere nuovi clienti e rafforzare la tua autorevolezza nel settore olistico.<\/p>\n<p>Puoi scrivere tu stesso\/a l&#8217;articolo o lasciare che ce ne occupiamo noi!<\/p>\n<\/div>\n<\/div>\n","protected":false},"excerpt":{"rendered":"<p>Completa o rinnova il processo di certificazione come operatore certificato del nostro portale.<\/p>\n<p>Puoi anche acquistare uno spazio per la pubblicazione del tuo articolo pubbliredazionale<\/p>\n","protected":false},"featured_media":31318,"template":"","meta":{"neve_meta_sidebar":"","neve_meta_container":"","neve_meta_enable_content_width":"off","neve_meta_content_width":100,"neve_meta_title_alignment":"","neve_meta_author_avatar":"","neve_post_elements_order":"","neve_meta_disable_header":"","neve_meta_disable_footer":"","neve_meta_disable_title":"","_joinchat":[]},"product_brand":[],"product_cat":[94],"product_tag":[],"class_list":{"0":"post-32319","1":"product","2":"type-product","3":"status-publish","4":"has-post-thumbnail","6":"product_cat-abbonamenti","8":"first","9":"instock","10":"sold-individually","11":"taxable","12":"shipping-taxable","13":"purchasable","14":"product-type-variable"},"jetpack_sharing_enabled":true,"_links":{"self":[{"href":"https:\/\/www.italiaolistica.it\/servizi-pro\/wp-json\/wp\/v2\/product\/32319","targetHints":{"allow":["GET"]}}],"collection":[{"href":"https:\/\/www.italiaolistica.it\/servizi-pro\/wp-json\/wp\/v2\/product"}],"about":[{"href":"https:\/\/www.italiaolistica.it\/servizi-pro\/wp-json\/wp\/v2\/types\/product"}],"wp:featuredmedia":[{"embeddable":true,"href":"https:\/\/www.italiaolistica.it\/servizi-pro\/wp-json\/wp\/v2\/media\/31318"}],"wp:attachment":[{"href":"https:\/\/www.italiaolistica.it\/servizi-pro\/wp-json\/wp\/v2\/media?parent=32319"}],"wp:term":[{"taxonomy":"product_brand","embeddable":true,"href":"https:\/\/www.italiaolistica.it\/servizi-pro\/wp-json\/wp\/v2\/product_brand?post=32319"},{"taxonomy":"product_cat","embeddable":true,"href":"https:\/\/www.italiaolistica.it\/servizi-pro\/wp-json\/wp\/v2\/product_cat?post=32319"},{"taxonomy":"product_tag","embeddable":true,"href":"https:\/\/www.italiaolistica.it\/servizi-pro\/wp-json\/wp\/v2\/product_tag?post=32319"}],"curies":[{"name":"wp","href":"https:\/\/api.w.org\/{rel}","templated":true}]}}