{"id":32159,"date":"2024-04-12T09:48:19","date_gmt":"2024-04-12T07:48:19","guid":{"rendered":"https:\/\/www.italiaolistica.it\/servizi-pro\/?post_type=product&#038;p=32159"},"modified":"2025-07-17T10:45:25","modified_gmt":"2025-07-17T08:45:25","slug":"banner-rettangolare","status":"publish","type":"product","link":"https:\/\/www.italiaolistica.it\/servizi-pro\/prodotto\/banner-rettangolare\/","title":{"rendered":"Banner rettangolare"},"content":{"rendered":"<div class=\"relative p-1 rounded-sm flex items-center justify-center bg-token-main-surface-primary text-token-text-primary h-8 w-8\">\n<p>Banner rettangolare delle dimensioni di 300\u00d7150 pixel posizionato in tutte le pagine interne: pubblica e collega un link al tuo banner per <b>dare molta visibilit\u00e0 al tuo evento e alla tua attivit\u00e0<\/b>.<\/p>\n<p>Se hai un buono sconto, potrai inserirlo nel carrello al momento del pagamento.<\/p>\n<\/div>\n","protected":false},"excerpt":{"rendered":"<p>Banner rettangolare in tutte le pagine interne<\/p>\n","protected":false},"featured_media":31945,"template":"","meta":{"neve_meta_sidebar":"","neve_meta_container":"","neve_meta_enable_content_width":"off","neve_meta_content_width":100,"neve_meta_title_alignment":"","neve_meta_author_avatar":"","neve_post_elements_order":"","neve_meta_disable_header":"","neve_meta_disable_footer":"","neve_meta_disable_title":"","_joinchat":[]},"product_brand":[],"product_cat":[91],"product_tag":[90],"class_list":{"0":"post-32159","1":"product","2":"type-product","3":"status-publish","4":"has-post-thumbnail","6":"product_cat-banner-pubblicitari","7":"product_tag-banner","9":"first","10":"instock","11":"sold-individually","12":"taxable","13":"shipping-taxable","14":"purchasable","15":"product-type-variable"},"jetpack_sharing_enabled":true,"_links":{"self":[{"href":"https:\/\/www.italiaolistica.it\/servizi-pro\/wp-json\/wp\/v2\/product\/32159","targetHints":{"allow":["GET"]}}],"collection":[{"href":"https:\/\/www.italiaolistica.it\/servizi-pro\/wp-json\/wp\/v2\/product"}],"about":[{"href":"https:\/\/www.italiaolistica.it\/servizi-pro\/wp-json\/wp\/v2\/types\/product"}],"wp:featuredmedia":[{"embeddable":true,"href":"https:\/\/www.italiaolistica.it\/servizi-pro\/wp-json\/wp\/v2\/media\/31945"}],"wp:attachment":[{"href":"https:\/\/www.italiaolistica.it\/servizi-pro\/wp-json\/wp\/v2\/media?parent=32159"}],"wp:term":[{"taxonomy":"product_brand","embeddable":true,"href":"https:\/\/www.italiaolistica.it\/servizi-pro\/wp-json\/wp\/v2\/product_brand?post=32159"},{"taxonomy":"product_cat","embeddable":true,"href":"https:\/\/www.italiaolistica.it\/servizi-pro\/wp-json\/wp\/v2\/product_cat?post=32159"},{"taxonomy":"product_tag","embeddable":true,"href":"https:\/\/www.italiaolistica.it\/servizi-pro\/wp-json\/wp\/v2\/product_tag?post=32159"}],"curies":[{"name":"wp","href":"https:\/\/api.w.org\/{rel}","templated":true}]}}