{"id":27092,"date":"2021-09-30T10:48:05","date_gmt":"2021-09-30T08:48:05","guid":{"rendered":"https:\/\/www.italiaolistica.it\/servizi-pro\/?page_id=27092"},"modified":"2025-12-22T11:10:55","modified_gmt":"2025-12-22T10:10:55","slug":"banner","status":"publish","type":"page","link":"https:\/\/www.italiaolistica.it\/servizi-pro\/banner\/","title":{"rendered":"Banner"},"content":{"rendered":"\n<p style=\"padding-right:var(--wp--preset--spacing--30);padding-left:var(--wp--preset--spacing--30)\">Posiziona il tuo banner in pi\u00f9 di 8000 articoli!<br>Il tuo banner, porter\u00e0 a qualsiasi link che vorrai e dar\u00e0 molta visibilit\u00e0 ai tuoi eventi e attivit\u00e0!<\/p>\n\n\n\n<p class=\"has-medium-font-size\" style=\"padding-top:0;padding-right:var(--wp--preset--spacing--30);padding-bottom:0;padding-left:var(--wp--preset--spacing--30)\"><strong>Non hai un banner?<\/strong> Nessun problema, possiamo creartelo noi in pochi minuti!<\/p>\n\n\n<div class=\"woocommerce columns-2 \"><ul class=\"products columns-2\">\n<li class=\"product type-product post-32159 status-publish first instock product_cat-banner-pubblicitari product_tag-banner has-post-thumbnail sold-individually taxable shipping-taxable purchasable product-type-variable\">\n\t<div class=\"nv-card-content-wrapper\"><a href=\"https:\/\/www.italiaolistica.it\/servizi-pro\/prodotto\/banner-rettangolare\/\" class=\"woocommerce-LoopProduct-link woocommerce-loop-product__link\"><div class=\"sp-product-image \"><div class=\"img-wrap\"><img decoding=\"async\" width=\"300\" height=\"237\" src=\"https:\/\/www.italiaolistica.it\/servizi-pro\/wp-content\/uploads\/2024\/03\/base-banner-rettangolare-stretto-300x237.png\" class=\"attachment-woocommerce_thumbnail size-woocommerce_thumbnail\" alt=\"Banner rettangolare\" srcset=\"https:\/\/www.italiaolistica.it\/servizi-pro\/wp-content\/uploads\/2024\/03\/base-banner-rettangolare-stretto-300x237.png 300w, https:\/\/www.italiaolistica.it\/servizi-pro\/wp-content\/uploads\/2024\/03\/base-banner-rettangolare-stretto.png 600w\" sizes=\"(max-width: 300px) 100vw, 300px\" \/><\/div><\/div><h2 class=\"woocommerce-loop-product__title\">Banner rettangolare<\/h2>\n\t<span class=\"price\"><span class=\"woocommerce-Price-amount amount\" aria-hidden=\"true\"><bdi>10,00&nbsp;<span class=\"woocommerce-Price-currencySymbol\">&euro;<\/span><\/bdi><\/span> <span aria-hidden=\"true\">-<\/span> <span class=\"woocommerce-Price-amount amount\" aria-hidden=\"true\"><bdi>40,00&nbsp;<span class=\"woocommerce-Price-currencySymbol\">&euro;<\/span><\/bdi><\/span><span class=\"screen-reader-text\">Fascia di prezzo: da 10,00&nbsp;&euro; a 40,00&nbsp;&euro;<\/span><\/span>\n<\/a><a href=\"https:\/\/www.italiaolistica.it\/servizi-pro\/prodotto\/banner-rettangolare\/\" aria-describedby=\"woocommerce_loop_add_to_cart_link_describedby_32159\" data-quantity=\"1\" class=\"button product_type_variable add_to_cart_button\" data-product_id=\"32159\" data-product_sku=\"\" aria-label=\"Seleziona le opzioni per &ldquo;Banner rettangolare&rdquo;\" rel=\"nofollow\">Scegli<\/a>\t<span id=\"woocommerce_loop_add_to_cart_link_describedby_32159\" class=\"screen-reader-text\">\n\t\tQuesto prodotto ha pi\u00f9 varianti. Le opzioni possono essere scelte nella pagina del prodotto\t<\/span>\n<\/div><\/li>\n<li class=\"product type-product post-32154 status-publish last instock product_cat-banner-pubblicitari product_tag-banner has-post-thumbnail sold-individually taxable shipping-taxable purchasable product-type-variable\">\n\t<div class=\"nv-card-content-wrapper\"><a href=\"https:\/\/www.italiaolistica.it\/servizi-pro\/prodotto\/banner-quadrato\/\" class=\"woocommerce-LoopProduct-link woocommerce-loop-product__link\"><div class=\"sp-product-image \"><div class=\"img-wrap\"><img decoding=\"async\" width=\"300\" height=\"237\" src=\"https:\/\/www.italiaolistica.it\/servizi-pro\/wp-content\/uploads\/2024\/03\/base-banner-quadrato-stretto-300x237.png\" class=\"attachment-woocommerce_thumbnail size-woocommerce_thumbnail\" alt=\"Banner quadrato\" srcset=\"https:\/\/www.italiaolistica.it\/servizi-pro\/wp-content\/uploads\/2024\/03\/base-banner-quadrato-stretto-300x237.png 300w, https:\/\/www.italiaolistica.it\/servizi-pro\/wp-content\/uploads\/2024\/03\/base-banner-quadrato-stretto.png 600w\" sizes=\"(max-width: 300px) 100vw, 300px\" \/><\/div><\/div><h2 class=\"woocommerce-loop-product__title\">Banner quadrato<\/h2>\n\t<span class=\"price\"><span class=\"woocommerce-Price-amount amount\" aria-hidden=\"true\"><bdi>20,00&nbsp;<span class=\"woocommerce-Price-currencySymbol\">&euro;<\/span><\/bdi><\/span> <span aria-hidden=\"true\">-<\/span> <span class=\"woocommerce-Price-amount amount\" aria-hidden=\"true\"><bdi>77,00&nbsp;<span class=\"woocommerce-Price-currencySymbol\">&euro;<\/span><\/bdi><\/span><span class=\"screen-reader-text\">Fascia di prezzo: da 20,00&nbsp;&euro; a 77,00&nbsp;&euro;<\/span><\/span>\n<\/a><a href=\"https:\/\/www.italiaolistica.it\/servizi-pro\/prodotto\/banner-quadrato\/\" aria-describedby=\"woocommerce_loop_add_to_cart_link_describedby_32154\" data-quantity=\"1\" class=\"button product_type_variable add_to_cart_button\" data-product_id=\"32154\" data-product_sku=\"\" aria-label=\"Seleziona le opzioni per &ldquo;Banner quadrato&rdquo;\" rel=\"nofollow\">Scegli<\/a>\t<span id=\"woocommerce_loop_add_to_cart_link_describedby_32154\" class=\"screen-reader-text\">\n\t\tQuesto prodotto ha pi\u00f9 varianti. Le opzioni possono essere scelte nella pagina del prodotto\t<\/span>\n<\/div><\/li>\n<li class=\"product type-product post-32164 status-publish first instock product_cat-banner-pubblicitari product_tag-banner has-post-thumbnail sold-individually taxable shipping-taxable purchasable product-type-variable\">\n\t<div class=\"nv-card-content-wrapper\"><a href=\"https:\/\/www.italiaolistica.it\/servizi-pro\/prodotto\/banner-rettangolare-xl\/\" class=\"woocommerce-LoopProduct-link woocommerce-loop-product__link\"><div class=\"sp-product-image \"><div class=\"img-wrap\"><img decoding=\"async\" width=\"300\" height=\"237\" src=\"https:\/\/www.italiaolistica.it\/servizi-pro\/wp-content\/uploads\/2024\/03\/base-banner-xl-stretto-300x237.png\" class=\"attachment-woocommerce_thumbnail size-woocommerce_thumbnail\" alt=\"Banner XL\" srcset=\"https:\/\/www.italiaolistica.it\/servizi-pro\/wp-content\/uploads\/2024\/03\/base-banner-xl-stretto-300x237.png 300w, https:\/\/www.italiaolistica.it\/servizi-pro\/wp-content\/uploads\/2024\/03\/base-banner-xl-stretto.png 600w\" sizes=\"(max-width: 300px) 100vw, 300px\" \/><\/div><\/div><h2 class=\"woocommerce-loop-product__title\">Banner rettangolare XL<\/h2>\n\t<span class=\"price\"><span class=\"woocommerce-Price-amount amount\" aria-hidden=\"true\"><bdi>30,00&nbsp;<span class=\"woocommerce-Price-currencySymbol\">&euro;<\/span><\/bdi><\/span> <span aria-hidden=\"true\">-<\/span> <span class=\"woocommerce-Price-amount amount\" aria-hidden=\"true\"><bdi>120,00&nbsp;<span class=\"woocommerce-Price-currencySymbol\">&euro;<\/span><\/bdi><\/span><span class=\"screen-reader-text\">Fascia di prezzo: da 30,00&nbsp;&euro; a 120,00&nbsp;&euro;<\/span><\/span>\n<\/a><a href=\"https:\/\/www.italiaolistica.it\/servizi-pro\/prodotto\/banner-rettangolare-xl\/\" aria-describedby=\"woocommerce_loop_add_to_cart_link_describedby_32164\" data-quantity=\"1\" class=\"button product_type_variable add_to_cart_button\" data-product_id=\"32164\" data-product_sku=\"\" aria-label=\"Seleziona le opzioni per &ldquo;Banner rettangolare XL&rdquo;\" rel=\"nofollow\">Scegli<\/a>\t<span id=\"woocommerce_loop_add_to_cart_link_describedby_32164\" class=\"screen-reader-text\">\n\t\tQuesto prodotto ha pi\u00f9 varianti. Le opzioni possono essere scelte nella pagina del prodotto\t<\/span>\n<\/div><\/li>\n<li class=\"product type-product post-32169 status-publish last instock product_cat-banner-pubblicitari product_tag-banner has-post-thumbnail sold-individually taxable shipping-taxable purchasable product-type-variable\">\n\t<div class=\"nv-card-content-wrapper\"><a href=\"https:\/\/www.italiaolistica.it\/servizi-pro\/prodotto\/banner-partner-home\/\" class=\"woocommerce-LoopProduct-link woocommerce-loop-product__link\"><div class=\"sp-product-image \"><div class=\"img-wrap\"><img decoding=\"async\" width=\"300\" height=\"237\" src=\"https:\/\/www.italiaolistica.it\/servizi-pro\/wp-content\/uploads\/2024\/03\/base-banner-partner-stretto-300x237.png\" class=\"attachment-woocommerce_thumbnail size-woocommerce_thumbnail\" alt=\"Banner parner\" srcset=\"https:\/\/www.italiaolistica.it\/servizi-pro\/wp-content\/uploads\/2024\/03\/base-banner-partner-stretto-300x237.png 300w, https:\/\/www.italiaolistica.it\/servizi-pro\/wp-content\/uploads\/2024\/03\/base-banner-partner-stretto.png 600w\" sizes=\"(max-width: 300px) 100vw, 300px\" \/><\/div><\/div><h2 class=\"woocommerce-loop-product__title\">Banner partner \u2192 Home Page<\/h2>\n\t<span class=\"price\"><span class=\"woocommerce-Price-amount amount\" aria-hidden=\"true\"><bdi>60,00&nbsp;<span class=\"woocommerce-Price-currencySymbol\">&euro;<\/span><\/bdi><\/span> <span aria-hidden=\"true\">-<\/span> <span class=\"woocommerce-Price-amount amount\" aria-hidden=\"true\"><bdi>200,00&nbsp;<span class=\"woocommerce-Price-currencySymbol\">&euro;<\/span><\/bdi><\/span><span class=\"screen-reader-text\">Fascia di prezzo: da 60,00&nbsp;&euro; a 200,00&nbsp;&euro;<\/span><\/span>\n<\/a><a href=\"https:\/\/www.italiaolistica.it\/servizi-pro\/prodotto\/banner-partner-home\/\" aria-describedby=\"woocommerce_loop_add_to_cart_link_describedby_32169\" data-quantity=\"1\" class=\"button product_type_variable add_to_cart_button\" data-product_id=\"32169\" data-product_sku=\"\" aria-label=\"Seleziona le opzioni per &ldquo;Banner partner \u2192 Home Page&rdquo;\" rel=\"nofollow\">Scegli<\/a>\t<span id=\"woocommerce_loop_add_to_cart_link_describedby_32169\" class=\"screen-reader-text\">\n\t\tQuesto prodotto ha pi\u00f9 varianti. Le opzioni possono essere scelte nella pagina del prodotto\t<\/span>\n<\/div><\/li>\n<\/ul>\n<\/div>\n","protected":false},"excerpt":{"rendered":"<p>Posiziona il tuo banner in pi\u00f9 di 8000 articoli!Il tuo banner, porter\u00e0 a qualsiasi link che vorrai e dar\u00e0 molta visibilit\u00e0 ai tuoi eventi e attivit\u00e0! Non hai un banner? Nessun problema, possiamo creartelo noi in pochi minuti!<\/p>\n","protected":false},"author":1,"featured_media":30046,"parent":0,"menu_order":0,"comment_status":"closed","ping_status":"closed","template":"","meta":{"neve_meta_sidebar":"","neve_meta_container":"","neve_meta_enable_content_width":"on","neve_meta_content_width":80,"neve_meta_title_alignment":"","neve_meta_author_avatar":"","neve_post_elements_order":"","neve_meta_disable_header":"","neve_meta_disable_footer":"","neve_meta_disable_title":"","_joinchat":[],"footnotes":""},"class_list":["post-27092","page","type-page","status-publish","has-post-thumbnail","hentry"],"jetpack_sharing_enabled":true,"_links":{"self":[{"href":"https:\/\/www.italiaolistica.it\/servizi-pro\/wp-json\/wp\/v2\/pages\/27092","targetHints":{"allow":["GET"]}}],"collection":[{"href":"https:\/\/www.italiaolistica.it\/servizi-pro\/wp-json\/wp\/v2\/pages"}],"about":[{"href":"https:\/\/www.italiaolistica.it\/servizi-pro\/wp-json\/wp\/v2\/types\/page"}],"author":[{"embeddable":true,"href":"https:\/\/www.italiaolistica.it\/servizi-pro\/wp-json\/wp\/v2\/users\/1"}],"replies":[{"embeddable":true,"href":"https:\/\/www.italiaolistica.it\/servizi-pro\/wp-json\/wp\/v2\/comments?post=27092"}],"version-history":[{"count":169,"href":"https:\/\/www.italiaolistica.it\/servizi-pro\/wp-json\/wp\/v2\/pages\/27092\/revisions"}],"predecessor-version":[{"id":33942,"href":"https:\/\/www.italiaolistica.it\/servizi-pro\/wp-json\/wp\/v2\/pages\/27092\/revisions\/33942"}],"wp:featuredmedia":[{"embeddable":true,"href":"https:\/\/www.italiaolistica.it\/servizi-pro\/wp-json\/wp\/v2\/media\/30046"}],"wp:attachment":[{"href":"https:\/\/www.italiaolistica.it\/servizi-pro\/wp-json\/wp\/v2\/media?parent=27092"}],"curies":[{"name":"wp","href":"https:\/\/api.w.org\/{rel}","templated":true}]}}